{"id":9,"date":"2011-04-10T15:30:00","date_gmt":"2011-04-10T15:30:00","guid":{"rendered":"http:\/\/www.chateaudepeyrins.fr\/?page_id=9"},"modified":"2017-09-15T08:23:33","modified_gmt":"2017-09-15T08:23:33","slug":"le-chateau","status":"publish","type":"page","link":"http:\/\/www.chateaudepeyrins.fr\/","title":{"rendered":"Le Ch\u00e2teau"},"content":{"rendered":"<div class=\"vimeotheque-player align-left portrait\" data-title=\"0\" data-byline=\"0\" data-portrait=\"0\" data-color=\"\" data-fullscreen=\"1\" data-autoplay=\"0\" data-aspect_ratio=\"16x9\" data-width=\"640\" data-video_position=\"above-content\" data-volume=\"30\" data-loop=\"0\" data-dnt=\"0\" data-max_height=\"0\" data-video_align=\"align-left\" data-lazy_load=\"\" data-play_icon_color=\"#FF0000\" data-playlist_loop=\"0\" data-aspect_override=\"1\" data-start_time=\"0\" data-muted=\"\" data-background=\"\" data-transparent=\"\" data-size_ratio=\"\" data-video_id=\"233957065\" style=\"width:640px; height:360px; max-width:100%;\"><iframe loading=\"lazy\" src=\"https:\/\/player.vimeo.com\/video\/233957065?autoplay=0&loop=0&title=0&byline=0&portrait=0&color&dnt=0\" width=\"100%\" height=\"100%\" frameborder=\"0\" webkitAllowFullScreen mozallowfullscreen allowFullScreen><\/iframe><\/div>\n<p>&nbsp;<\/p>\n<p>Depuis quatre si\u00e8cles, le ch\u00e2teau de Peyrins, b\u00e2ti par Soffrey de Calignon, compagnon d&rsquo;Henri IV, se dresse fi\u00e8rement au coeur de la Dr\u00f4me des collines. Il a su s&rsquo;adapter \u00e0 la vie de chaque \u00e9poque et poursuit sa riche histoire.<\/p>\n<p>A pr\u00e9sent, non loin de la ville de Romans et de ses commodit\u00e9s, il propose un cadre intact, parc arbor\u00e9, jardins et \u00e9tangs, ainsi que son confort chaleureux de vieille demeure dauphinoise.<\/p>\n<p><a href=\"http:\/\/www.chateaudepeyrins.fr\/wp-content\/uploads\/2011\/04\/chato-face-dec.jpg\"><br \/>\n<\/a><\/p>\n<p style=\"text-align: center;\"><a href=\"http:\/\/www.chateaudepeyrins.fr\/?attachment_id=57\" rel=\"attachment wp-att-57\"><img loading=\"lazy\" decoding=\"async\" class=\"aligncenter\" title=\"chateau_face\" src=\"http:\/\/www.chateaudepeyrins.fr\/wp-content\/uploads\/2011\/04\/IMGP0073-495x366.jpg\" alt=\"\" width=\"495\" height=\"366\" \/><\/a><\/p>\n<p style=\"text-align: center;\"><a href=\"http:\/\/www.chateaudepeyrins.fr\/?attachment_id=93\" rel=\"attachment wp-att-93\"><img loading=\"lazy\" decoding=\"async\" title=\"photos re^\u00e9rage tournage-27\" src=\"http:\/\/www.chateaudepeyrins.fr\/wp-content\/uploads\/2011\/04\/photos-re^\u00e9rage-tournage-27-495x361.jpg\" alt=\"\" width=\"495\" height=\"361\" \/><\/a><\/p>\n<p style=\"text-align: center;\"><a href=\"http:\/\/www.chateaudepeyrins.fr\/?attachment_id=25\" rel=\"attachment wp-att-25\"><img loading=\"lazy\" decoding=\"async\" title=\"porte\" src=\"http:\/\/www.chateaudepeyrins.fr\/wp-content\/uploads\/2011\/04\/DSC00052-225x300.jpg\" alt=\"\" width=\"374\" height=\"498\" \/><\/a><\/p>\n<p style=\"text-align: center;\"><a href=\"http:\/\/www.chateaudepeyrins.fr\/?attachment_id=84\" rel=\"attachment wp-att-84\"><img loading=\"lazy\" decoding=\"async\" title=\"bibliotheque\" src=\"http:\/\/www.chateaudepeyrins.fr\/wp-content\/uploads\/2011\/04\/la-bibli-495x333.jpg\" alt=\"\" width=\"495\" height=\"333\" \/><\/a><\/p>\n<p style=\"text-align: center;\"><a href=\"http:\/\/www.chateaudepeyrins.fr\/?attachment_id=49\" rel=\"attachment wp-att-49\"><img loading=\"lazy\" decoding=\"async\" title=\"escaliers\" src=\"http:\/\/www.chateaudepeyrins.fr\/wp-content\/uploads\/2011\/04\/escaliers-495x329.jpg\" alt=\"\" width=\"495\" height=\"329\" \/><\/a><\/p>\n<p style=\"text-align: center;\"><a href=\"http:\/\/www.chateaudepeyrins.fr\/?attachment_id=131\" rel=\"attachment wp-att-131\"><img loading=\"lazy\" decoding=\"async\" title=\"petite-salle-a-manger\" src=\"http:\/\/www.chateaudepeyrins.fr\/wp-content\/uploads\/2011\/04\/petite-salle-a-manger1-495x736.jpg\" alt=\"\" width=\"495\" height=\"736\" \/><\/a><\/p>\n<p style=\"text-align: center;\"><a href=\"http:\/\/www.chateaudepeyrins.fr\/?attachment_id=132\" rel=\"attachment wp-att-132\"><img loading=\"lazy\" decoding=\"async\" title=\"IMGP0202\" src=\"http:\/\/www.chateaudepeyrins.fr\/wp-content\/uploads\/2011\/04\/IMGP02021-495x353.jpg\" alt=\"\" width=\"495\" height=\"353\" \/><\/a><\/p>\n<p><a href=\"http:\/\/www.chateaudepeyrins.fr\/?attachment_id=397\" rel=\"attachment wp-att-397\"><img loading=\"lazy\" decoding=\"async\" class=\"aligncenter\" title=\"cheminee divans\" src=\"http:\/\/www.chateaudepeyrins.fr\/wp-content\/uploads\/2011\/04\/cheminee-divans2-495x326.jpg\" alt=\"\" width=\"495\" height=\"326\" \/><\/a><\/p>\n<p>&nbsp;<\/p>\n","protected":false},"excerpt":{"rendered":"<p>&nbsp; Depuis quatre si\u00e8cles, le ch\u00e2teau de Peyrins, b\u00e2ti par Soffrey de Calignon, compagnon d&rsquo;Henri IV, se dresse fi\u00e8rement au coeur de la Dr\u00f4me des collines. Il a su s&rsquo;adapter [&#038;hellip<\/p>\n","protected":false},"author":1,"featured_media":103,"parent":0,"menu_order":0,"comment_status":"open","ping_status":"open","template":"","meta":{"__cvm_playback_settings":[],"__cvm_video_id":"","footnotes":""},"class_list":["post-9","page","type-page","status-publish","has-post-thumbnail","hentry"],"_links":{"self":[{"href":"http:\/\/www.chateaudepeyrins.fr\/index.php?rest_route=\/wp\/v2\/pages\/9","targetHints":{"allow":["GET"]}}],"collection":[{"href":"http:\/\/www.chateaudepeyrins.fr\/index.php?rest_route=\/wp\/v2\/pages"}],"about":[{"href":"http:\/\/www.chateaudepeyrins.fr\/index.php?rest_route=\/wp\/v2\/types\/page"}],"author":[{"embeddable":true,"href":"http:\/\/www.chateaudepeyrins.fr\/index.php?rest_route=\/wp\/v2\/users\/1"}],"replies":[{"embeddable":true,"href":"http:\/\/www.chateaudepeyrins.fr\/index.php?rest_route=%2Fwp%2Fv2%2Fcomments&post=9"}],"version-history":[{"count":18,"href":"http:\/\/www.chateaudepeyrins.fr\/index.php?rest_route=\/wp\/v2\/pages\/9\/revisions"}],"predecessor-version":[{"id":678,"href":"http:\/\/www.chateaudepeyrins.fr\/index.php?rest_route=\/wp\/v2\/pages\/9\/revisions\/678"}],"wp:featuredmedia":[{"embeddable":true,"href":"http:\/\/www.chateaudepeyrins.fr\/index.php?rest_route=\/wp\/v2\/media\/103"}],"wp:attachment":[{"href":"http:\/\/www.chateaudepeyrins.fr\/index.php?rest_route=%2Fwp%2Fv2%2Fmedia&parent=9"}],"curies":[{"name":"wp","href":"https:\/\/api.w.org\/{rel}","templated":true}]}}