{"id":490,"date":"2011-04-12T10:24:24","date_gmt":"2011-04-12T10:24:24","guid":{"rendered":"http:\/\/www.chateaudepeyrins.fr\/?page_id=490"},"modified":"2011-04-12T10:46:32","modified_gmt":"2011-04-12T10:46:32","slug":"germaine-chesneau","status":"publish","type":"page","link":"http:\/\/www.chateaudepeyrins.fr\/?page_id=490","title":{"rendered":"Germaine Chesneau"},"content":{"rendered":"<p><img loading=\"lazy\" decoding=\"async\" class=\"aligncenter\" title=\"CHESNEAU\" src=\"http:\/\/www.chateaudepeyrins.fr\/wp-content\/uploads\/2011\/04\/CHESNEAU-200x150.jpg\" alt=\"\" width=\"200\" height=\"150\" \/><\/p>\n<p style=\"text-align: justify;\">&nbsp;<\/p>\n<p style=\"text-align: justify;\">Germaine Cl\u00e9ment est n\u00e9e \u00e0 Orange le 31 Octobre 1894, de Jean Cl\u00e9ment et Mathilde Pichon.<br \/>\nIssue d&rsquo;un milieu bourgeois, sa m\u00e8re est infirmi\u00e8re et son p\u00e8re  inspecteur de la DDASS, la petite Germaine est une tr\u00e8s bonne \u00e9l\u00e8ve. A  18 ans, elle entre \u00e0 l&rsquo;\u00e9cole sup\u00e9rieure agricole et m\u00e9nag\u00e8re de   Grignan. Elle fait partie de la premi\u00e8re promotion f\u00e9minine de cette   c\u00e9l\u00e8bre \u00e9cole. En 1914, l&rsquo;\u00e9cole ferme pour raison de guerre. Germaine a  20 ans et rentre \u00e0 l&rsquo;h\u00f4pital militaire de Lyon comme infirmi\u00e8re. Elle  est ensuite envoy\u00e9e \u00e0 l&rsquo;h\u00f4pital militaire de Larressore, au Pays   Basque, o\u00f9 elle exerce les fonctions d&rsquo;infirmi\u00e8re et d&rsquo;\u00e9conome. Elle y   reste 12 ans. Elle y rencontre Marcel Chesneau, de 8 ans son cadet,   qu&rsquo;elle \u00e9pousera en 1926. Le couple vient s&rsquo;installer \u00e0 Peyrins.En  janvier 1935, le comte de Sallmard accepte de louer une grande partie de  son ch\u00e2teau. En septembre  la \u00ab\u00a0Maison d&rsquo;enfants \u00e0 caract\u00e8re sanitaire\u00a0\u00bb  ouvre ses portes.<\/p>\n<p style=\"text-align: justify;\">Le jardin du ch\u00e2teau sera plus tard enrichi d&rsquo;une all\u00e9e des Justes. En 1939, Marcel Chesneau meurt des suites d&rsquo;une grave maladie, 20 jours apr\u00e8s la naissance de sa troisi\u00e8me fille, Marianne.<br \/>\nGermaine Chesneau est alors seule, avec 3 enfants et une maison \u00e0 g\u00e9rer.Devant la mont\u00e9e du racisme, elle est choqu\u00e9e.<br \/>\nEn septembre 1939, lorsque la guerre est d\u00e9clar\u00e9e, elle anticipe et fait   des provisions de nourriture. Elle a v\u00e9cu la premi\u00e8re guerre et se   souvient des difficult\u00e9s rencontr\u00e9es \u00e0 cette p\u00e9riode donn\u00e9e, des enfants   convalescents de diverses maladies ou des enfants de sant\u00e9 fragile   vivent au Ch\u00e2teau de Salmard toute l&rsquo;ann\u00e9e. D&rsquo;autres enfants ne viennent  l\u00e0 que pendant les vacances. Ce sont ceux dont les parents travaillent.<br \/>\nEn 1940, elle tient t\u00eate au commandant de l&rsquo;arm\u00e9e d&rsquo;invasion install\u00e9e  au ch\u00e2teau et exige notamment que des outils qui ont disparu  r\u00e9apparaissent et  r\u00e9clame une limite au sol sur la terrasse, o\u00f9 les  allemands font leur  gymnastique.<\/p>\n<p style=\"text-align: justify;\">En 1942, commencent dans toute la France les rafles des juifs  \u00e9trangers,  le gouvernement de Vichy r\u00e9clame 4 000 juifs pour les  d\u00e9porter.<\/p>\n<p style=\"text-align: justify;\">Le 26 ao\u00fbt de cette m\u00eame ann\u00e9e, les juifs \u00e9trangers de la r\u00e9gion sont  intern\u00e9s et recens\u00e9s dans un camp \u00e0 V\u00e9nissieux.  L\u00e0, les hommes et les  gar\u00e7ons de plus de 15 ans sont rassembl\u00e9s d&rsquo;un  c\u00f4t\u00e9, les femmes et les  jeunes enfants de l&rsquo;autre. Gr\u00e2ce \u00e0 \u00ab\u00a0Amiti\u00e9  Chr\u00e9tienne\u00a0\u00bb et \u00e0 d\u2019autres  organisations b\u00e9n\u00e9voles, 108 enfants sont  sortis du camp de V\u00e9nissieux  dans le cadre d\u2019une op\u00e9ration de grande envergure. 14 d&rsquo;entre eux  arriveront \u00e0 Peyrins \u00e0 la fin du mois d&rsquo;Octobre 1942 pour y \u00eatre cach\u00e9s  sous un faux nom, ils vivront, int\u00e9gr\u00e9s aux autres pensionnaires.  Germaine Chesneau  les accueille chaleureusement, enregistre les enfants  sous de faux-noms  et enterre tout ce qui peut trahir leur origine,  livres de pri\u00e8res,  bibles ou souvenirs personnels. Tous sont scolaris\u00e9s  selon leur niveau. Des professeurs du lyc\u00e9e de Romans ou du personnel  de la maison assurent les cours.<br \/>\nDes adultes Juifs \u00e9taient \u00e9galement cach\u00e9s au ch\u00e2teau, employ\u00e9s en tant qu\u2019enseignants ou moniteurs.<br \/>\nGermaine Chesneau  avait fait installer  un t\u00e9l\u00e9phone et une cloche pour  pr\u00e9venir les  enfants en cas de descente de la Gestapo, les moniteurs  devaient alors  se cacher dans les caves du ch\u00e2teau.<\/p>\n<p style=\"text-align: justify;\">En 1943 et 1944, il y aura de nombreux mouvements d&rsquo;enfants que  Germaine Chesneau n&rsquo;inscrira plus dans son registre d&rsquo;entr\u00e9es et de  sorties. Ainsi on ne  sait pas combien d&rsquo;enfants de l&rsquo;OSE auront  transit\u00e9 par le ch\u00e2teau de Salmard.<\/p>\n<p style=\"text-align: justify;\">Le 22 ao\u00fbt 1944, la ville de Romans est lib\u00e9r\u00e9e par les r\u00e9sistants, mais reprise par les allemands le 27 de ce m\u00eame mois.<br \/>\nUne personne  du commissariat conseille \u00e0 Germaine Chesneau   de faire  \u00e9vacuer la maison. Par petits groupes, les enfants rejoignent  les bois  de Saint-Ange, o\u00f9 chaque unit\u00e9 doit construire une cabane.<\/p>\n<p style=\"text-align: justify;\">Germaine Chesneau, alit\u00e9e, reste au ch\u00e2teau en compagnie de Monsieur  Pierre (Albert Pommer), le jardinier, producteur allemand cach\u00e9. Le  soir, la famille Chosson accepte de recevoir pour la nuit cette  colonie  de 64 personnes, enfants et adultes qui les encadrent. On met \u00e0   disposition le grenier \u00e0 bl\u00e9. Ils dormiront dans le grain et resteront   une petite semaine dans ce campement : la nuit dans le bl\u00e9, le jour dans   les bois. Pour la toilette, tout le monde se lave chez les Mottin, la   ferme de l&rsquo;autre c\u00f4t\u00e9 de la route. La nourriture cuisin\u00e9e par la par   belle-s\u0153ur de Germaine Chesneau au ch\u00e2teau, est achemin\u00e9e dans des  bidons de lait de 25 litres jusqu&rsquo;\u00e0 la ferme Chosson par les  adolescents.<\/p>\n<p style=\"text-align: justify;\">Le 29 ao\u00fbt, dans l&rsquo;apr\u00e8s-midi, arrivent au ch\u00e2teau 3 tanks allemands  ayant \u00e0 l&rsquo;avant en bouclier humain, trois peyrinois.  Ils recherchent  leurs prisonniers retenus dans un ch\u00e2teau \u00e0 5 kilom\u00e8tres  de Romans. Ne  trouvant rien, ni personne, ils saccagent du mat\u00e9riel et  repartent avec  toutes les victuailles de la maison.<\/p>\n<p style=\"text-align: justify;\">Le 30 ou le 31 ao\u00fbt, les Am\u00e9ricains arrivent, s&rsquo;installent au  ch\u00e2teau,  dans le parc et en bordure de celui-ci. C&rsquo;est le g\u00e9nie, ils  resteront  jusqu&rsquo;\u00e0 ce que les ponts bombard\u00e9s soient munis de  passerelles  permettant les liaisons entre les rives. Ils conseillent de  ne pas faire  revenir les enfants tout de suite, un sursaut allemand  \u00e9tant possible,  ils r\u00e9int\u00e9greront la maison le 1er ou 2 septembre.<\/p>\n<p style=\"text-align: justify;\">L&rsquo;OSE va r\u00e9cup\u00e9rer tous les enfants juifs restants dans des   \u00e9tablissements ouverts pour eux. Pas un seul de leurs parents ne   rentrera de d\u00e9portation sauf deux p\u00e8res prisonniers, car engag\u00e9s   volontaires dans l&rsquo;arm\u00e9e fran\u00e7aise.<\/p>\n<p style=\"text-align: justify;\">Pendant toutes ces ann\u00e9es difficiles, nombre de Peyrinois  soutiendront Germaine Chesneau  discr\u00e8tement : la famille Perrier, ses  voisins, toujours pr\u00e9sents pour  lui venir en aide ; M. Blache, le  boulanger ; M. Brunel, qui rendait en  farine le m\u00eame poids que de grain  apport\u00e9 ; la famille Fouare chez qui  les fruits \u00e9taient abondants&#8230; ;  M. Sylvestre et tant d&rsquo;autres qui  avaient compris, senti et ne dirent  jamais rien.<\/p>\n<p style=\"text-align: justify;\">Pour avoir cach\u00e9 et sauv\u00e9 139 personnes, Germaine Chesneau recevra en f\u00e9vrier 1970 \u00e0 Paris la m\u00e9daille des<em> Justes parmi les Nations.<\/em> En aout 1981, fermeture de la \u00ab\u00a0Maison d&rsquo;enfants \u00e0 caract\u00e8re sanitaire\u00a0\u00bb. Le 29 janvier 1983, d\u00e9c\u00e8s de Germaine Chesneau.<\/p>\n","protected":false},"excerpt":{"rendered":"<p>&nbsp; Germaine Cl\u00e9ment est n\u00e9e \u00e0 Orange le 31 Octobre 1894, de Jean Cl\u00e9ment et Mathilde Pichon. Issue d&rsquo;un milieu bourgeois, sa m\u00e8re est infirmi\u00e8re et son p\u00e8re inspecteur de [&#038;hellip<\/p>\n","protected":false},"author":1,"featured_media":0,"parent":0,"menu_order":0,"comment_status":"open","ping_status":"open","template":"","meta":{"__cvm_playback_settings":[],"__cvm_video_id":"","footnotes":""},"class_list":["post-490","page","type-page","status-publish","hentry"],"_links":{"self":[{"href":"http:\/\/www.chateaudepeyrins.fr\/index.php?rest_route=\/wp\/v2\/pages\/490","targetHints":{"allow":["GET"]}}],"collection":[{"href":"http:\/\/www.chateaudepeyrins.fr\/index.php?rest_route=\/wp\/v2\/pages"}],"about":[{"href":"http:\/\/www.chateaudepeyrins.fr\/index.php?rest_route=\/wp\/v2\/types\/page"}],"author":[{"embeddable":true,"href":"http:\/\/www.chateaudepeyrins.fr\/index.php?rest_route=\/wp\/v2\/users\/1"}],"replies":[{"embeddable":true,"href":"http:\/\/www.chateaudepeyrins.fr\/index.php?rest_route=%2Fwp%2Fv2%2Fcomments&post=490"}],"version-history":[{"count":9,"href":"http:\/\/www.chateaudepeyrins.fr\/index.php?rest_route=\/wp\/v2\/pages\/490\/revisions"}],"predecessor-version":[{"id":524,"href":"http:\/\/www.chateaudepeyrins.fr\/index.php?rest_route=\/wp\/v2\/pages\/490\/revisions\/524"}],"wp:attachment":[{"href":"http:\/\/www.chateaudepeyrins.fr\/index.php?rest_route=%2Fwp%2Fv2%2Fmedia&parent=490"}],"curies":[{"name":"wp","href":"https:\/\/api.w.org\/{rel}","templated":true}]}}