{"id":449,"date":"2011-04-11T15:01:33","date_gmt":"2011-04-11T15:01:33","guid":{"rendered":"http:\/\/www.chateaudepeyrins.fr\/?page_id=449"},"modified":"2011-04-11T15:13:33","modified_gmt":"2011-04-11T15:13:33","slug":"ils-on-travaille-au-chateau","status":"publish","type":"page","link":"http:\/\/www.chateaudepeyrins.fr\/?page_id=449","title":{"rendered":"Ils ont travaill\u00e9 au ch\u00e2teau&#8230;"},"content":{"rendered":"<p>Le ch\u00e2teau de Peyrins est le lieu id\u00e9al pour un travail de cr\u00e9ation dans la tranquillit\u00e9 et la convivialit\u00e9. De nombreux artistes ont d\u00e9j\u00e0 fait le choix de venir cr\u00e9er au ch\u00e2teau.<\/p>\n<p>&#8211; Marianne T\u00e9ton pour le court-m\u00e9trage \u00ab\u00a0Furies\u00a0\u00bb<\/p>\n<p><iframe loading=\"lazy\" src=\"http:\/\/player.vimeo.com\/video\/11206887\" width=\"400\" height=\"225\" frameborder=\"0\" webkitAllowFullScreen mozallowfullscreen allowFullScreen><\/iframe><\/p>\n<p>&nbsp;<\/p>\n<div>&#8211; Aur\u00e9lia Aubert, stages de th\u00e9\u00e2tre, <a href=\"http:\/\/www.lafabriqueducomedien.com\/\">www.lafabriqueducomedien.com<\/a>,<\/div>\n<p>&nbsp;<\/p>\n<div>&#8211; Le collectif masque, stage de th\u00e9\u00e2tre masqu\u00e9,\u00a0 <a href=\"http:\/\/www.collectifmasque.com\/\">www.collectifmasque.com<\/a><\/div>\n<p>&nbsp;<\/p>\n","protected":false},"excerpt":{"rendered":"<p>Le ch\u00e2teau de Peyrins est le lieu id\u00e9al pour un travail de cr\u00e9ation dans la tranquillit\u00e9 et la convivialit\u00e9. De nombreux artistes ont d\u00e9j\u00e0 fait le choix de venir cr\u00e9er [&#038;hellip<\/p>\n","protected":false},"author":1,"featured_media":0,"parent":0,"menu_order":0,"comment_status":"open","ping_status":"open","template":"","meta":{"__cvm_playback_settings":[],"__cvm_video_id":"","footnotes":""},"class_list":["post-449","page","type-page","status-publish","hentry"],"_links":{"self":[{"href":"http:\/\/www.chateaudepeyrins.fr\/index.php?rest_route=\/wp\/v2\/pages\/449","targetHints":{"allow":["GET"]}}],"collection":[{"href":"http:\/\/www.chateaudepeyrins.fr\/index.php?rest_route=\/wp\/v2\/pages"}],"about":[{"href":"http:\/\/www.chateaudepeyrins.fr\/index.php?rest_route=\/wp\/v2\/types\/page"}],"author":[{"embeddable":true,"href":"http:\/\/www.chateaudepeyrins.fr\/index.php?rest_route=\/wp\/v2\/users\/1"}],"replies":[{"embeddable":true,"href":"http:\/\/www.chateaudepeyrins.fr\/index.php?rest_route=%2Fwp%2Fv2%2Fcomments&post=449"}],"version-history":[{"count":12,"href":"http:\/\/www.chateaudepeyrins.fr\/index.php?rest_route=\/wp\/v2\/pages\/449\/revisions"}],"predecessor-version":[{"id":453,"href":"http:\/\/www.chateaudepeyrins.fr\/index.php?rest_route=\/wp\/v2\/pages\/449\/revisions\/453"}],"wp:attachment":[{"href":"http:\/\/www.chateaudepeyrins.fr\/index.php?rest_route=%2Fwp%2Fv2%2Fmedia&parent=449"}],"curies":[{"name":"wp","href":"https:\/\/api.w.org\/{rel}","templated":true}]}}