{"id":37,"date":"2011-04-10T15:32:40","date_gmt":"2011-04-10T15:32:40","guid":{"rendered":"http:\/\/www.chateaudepeyrins.fr\/?page_id=37"},"modified":"2024-03-21T17:57:34","modified_gmt":"2024-03-21T17:57:34","slug":"infos-pratiques","status":"publish","type":"page","link":"http:\/\/www.chateaudepeyrins.fr\/?page_id=37","title":{"rendered":"Infos pratiques"},"content":{"rendered":"<p><strong>Contact :<\/strong><br \/>\n276b rue de Sallmard 26380 Peyrins<br \/>\nT\u00e9l : 04.75.02.76.54 ou 06.04.07.52.19<br \/>\nchateaudepeyrins(a)free.fr<\/p>\n<p><strong>Acc\u00e8s :<\/strong><\/p>\n<p>En voiture :<br \/>\n&#8211; autoroute A7 depuis Marseille : sortie 15-Valence-Sud pour E713 en direction de Grenoble\/Chamb\u00e9ry\/Gen\u00e8ve\/Valence\/Romans<br \/>\n&#8211; autoroute A7 depuis Lyon : sortie 13-Tain-l&rsquo;Hermitage vers Romans\/Tournon<\/p>\n<p>A proximit\u00e9 de Romans (5 km) et de Valence (18 km). Lyon 1h, Marseille 2h, Paris 5h<\/p>\n<p>En train : Gare Valence-TGV \u00e0 15km<\/p>\n<p>&#8211; Si vous arrivez par TAIN L\u2019HERMITAGE, puis St-DONAT, traverser tout PEYRINS en direction de ROMANS, sortir du village et rouler jusqu\u2019au 1er rond-point. Faire le tour du rond-point au 3\/4 et prendre la route goudronn\u00e9e qui passe devant le garage RENAULT et l\u2019usine de petit train PRAT. Faire environ 50m sur ce chemin et prendre \u00e0 gauche \u00e0 l\u2019embranchement. Faire ensuite 300m et vous vous trouverez en face de l\u2019all\u00e9e bord\u00e9e de buis du ch\u00e2teau. Vous engagez dans l\u2019all\u00e9e la maison est au bout.<\/p>\n<p>&#8211; Si vous arrivez par ROMANS, prendre la direction de MOURS ST EUSEBE ( D538), rouler toujours tout droit, au rond-point village de MOURS prendre la direction PEYRINS en face et rouler sur environ 2km jusqu\u2019au rond-point de la zone d\u2019activit\u00e9 de PEYRINS qui est avant le village. Sur ce rond-point prendre la 1\u00e8re \u00e0 droite entre le garage RENAULT et l\u2019usine de petit train PRAT. Faire 50m et \u00e0 l\u2019embranchement prendre \u00e0 gauche. Faire \u00e0 nouveau environ 300m et vous vous trouverez en face de l\u2019all\u00e9e bord\u00e9e de buis du ch\u00e2teau, engagez vous dedans la maison et au bout.<\/p>\n<p>&#8211; Si vous arrivez par l\u2019A49 (voie express entre autoroute Valence sud et autoroute de Grenoble), prendre la derni\u00e8re sortie\u00a0 ROMANS\/BOURG DE PEAGE avant l\u2019E713 de Grenoble. Suivre l\u2019itin\u00e9raire LYON bis (N532) jusqu\u2019au 6\u00e8me rond-point, l\u00e0 prendre \u00e0 droite N538 direction MOURS ST EUSEBE. Passez le village, continuer tout droit jusqu\u2019au rond-point suivant.\u00a0Vous \u00eates dans la zone d\u2019activit\u00e9 de PEYRINS, inutile d\u2019aller plus loin mais prenez la 1\u00e8re \u00e0 droite, passer devant le garage RENAULT et l\u2019usine de petit train PRAT, faire 50m et \u00e0 l\u2019embranchement prendre \u00e0 gauche suivre cette route sur 300m environ et vous engagez dans l\u2019all\u00e9e bord\u00e9e de buis qui va jusqu\u2019au ch\u00e2teau de Sallmard.<\/p>\n","protected":false},"excerpt":{"rendered":"<p>Contact : 276b rue de Sallmard 26380 Peyrins T\u00e9l : 04.75.02.76.54 ou 06.04.07.52.19 chateaudepeyrins(a)free.fr Acc\u00e8s : En voiture : &#8211; autoroute A7 depuis Marseille : sortie 15-Valence-Sud pour E713 en [&#038;hellip<\/p>\n","protected":false},"author":1,"featured_media":0,"parent":0,"menu_order":0,"comment_status":"open","ping_status":"open","template":"","meta":{"__cvm_playback_settings":[],"__cvm_video_id":"","footnotes":""},"class_list":["post-37","page","type-page","status-publish","hentry"],"_links":{"self":[{"href":"http:\/\/www.chateaudepeyrins.fr\/index.php?rest_route=\/wp\/v2\/pages\/37","targetHints":{"allow":["GET"]}}],"collection":[{"href":"http:\/\/www.chateaudepeyrins.fr\/index.php?rest_route=\/wp\/v2\/pages"}],"about":[{"href":"http:\/\/www.chateaudepeyrins.fr\/index.php?rest_route=\/wp\/v2\/types\/page"}],"author":[{"embeddable":true,"href":"http:\/\/www.chateaudepeyrins.fr\/index.php?rest_route=\/wp\/v2\/users\/1"}],"replies":[{"embeddable":true,"href":"http:\/\/www.chateaudepeyrins.fr\/index.php?rest_route=%2Fwp%2Fv2%2Fcomments&post=37"}],"version-history":[{"count":19,"href":"http:\/\/www.chateaudepeyrins.fr\/index.php?rest_route=\/wp\/v2\/pages\/37\/revisions"}],"predecessor-version":[{"id":706,"href":"http:\/\/www.chateaudepeyrins.fr\/index.php?rest_route=\/wp\/v2\/pages\/37\/revisions\/706"}],"wp:attachment":[{"href":"http:\/\/www.chateaudepeyrins.fr\/index.php?rest_route=%2Fwp%2Fv2%2Fmedia&parent=37"}],"curies":[{"name":"wp","href":"https:\/\/api.w.org\/{rel}","templated":true}]}}