{"id":35,"date":"2011-04-10T15:32:30","date_gmt":"2011-04-10T15:32:30","guid":{"rendered":"http:\/\/www.chateaudepeyrins.fr\/?page_id=35"},"modified":"2025-01-06T19:00:46","modified_gmt":"2025-01-06T19:00:46","slug":"les-tarifs","status":"publish","type":"page","link":"http:\/\/www.chateaudepeyrins.fr\/?page_id=35","title":{"rendered":"Les tarifs"},"content":{"rendered":"<p>Important: La taxe de s\u00e9jour de 0,85 euro\/nuit\/personne doit \u00eatre ajout\u00e9e \u00e0 nos tarifs.<br \/>\nLes enfants de moins de 12 ans ne sont pas assujettis \u00e0 cette taxe.<\/p>\n<p>Lit suppl\u00e9mentaire : 32 euros, petit d\u00e9jeuner compris.<\/p>\n<p><strong>*La chapelle<\/strong><br \/>\n86\u20ac (Hors Taxe de S\u00e9jour) par jour pour 2 personnes avec petit d\u00e9jeuner<\/p>\n<p><strong>*La suite\u00a0\u00ab\u00a0Germaine\u00a0\u00bb<\/strong><br \/>\n86\u20ac (HTS)\/jour\/2 pers + petit d\u00e9jeuner<\/p>\n<p><strong>*La suite \u00ab\u00a0Princesse\u00a0\u00bb<\/strong><br \/>\n86\u20ac (HTS)\/jour\/2pers + petit d\u00e9jeuner<\/p>\n<p><strong>*La chambre \u00ab\u00a0Tr\u00e9sor\u00a0\u00bb<\/strong><br \/>\n86\u20ac (HTS)\/jour\/2pers + petit d\u00e9jeuner<\/p>\n","protected":false},"excerpt":{"rendered":"<p>Important: La taxe de s\u00e9jour de 0,85 euro\/nuit\/personne doit \u00eatre ajout\u00e9e \u00e0 nos tarifs. Les enfants de moins de 12 ans ne sont pas assujettis \u00e0 cette taxe. Lit suppl\u00e9mentaire [&#038;hellip<\/p>\n","protected":false},"author":1,"featured_media":0,"parent":0,"menu_order":0,"comment_status":"open","ping_status":"open","template":"","meta":{"__cvm_playback_settings":[],"__cvm_video_id":"","footnotes":""},"class_list":["post-35","page","type-page","status-publish","hentry"],"_links":{"self":[{"href":"http:\/\/www.chateaudepeyrins.fr\/index.php?rest_route=\/wp\/v2\/pages\/35","targetHints":{"allow":["GET"]}}],"collection":[{"href":"http:\/\/www.chateaudepeyrins.fr\/index.php?rest_route=\/wp\/v2\/pages"}],"about":[{"href":"http:\/\/www.chateaudepeyrins.fr\/index.php?rest_route=\/wp\/v2\/types\/page"}],"author":[{"embeddable":true,"href":"http:\/\/www.chateaudepeyrins.fr\/index.php?rest_route=\/wp\/v2\/users\/1"}],"replies":[{"embeddable":true,"href":"http:\/\/www.chateaudepeyrins.fr\/index.php?rest_route=%2Fwp%2Fv2%2Fcomments&post=35"}],"version-history":[{"count":17,"href":"http:\/\/www.chateaudepeyrins.fr\/index.php?rest_route=\/wp\/v2\/pages\/35\/revisions"}],"predecessor-version":[{"id":708,"href":"http:\/\/www.chateaudepeyrins.fr\/index.php?rest_route=\/wp\/v2\/pages\/35\/revisions\/708"}],"wp:attachment":[{"href":"http:\/\/www.chateaudepeyrins.fr\/index.php?rest_route=%2Fwp%2Fv2%2Fmedia&parent=35"}],"curies":[{"name":"wp","href":"https:\/\/api.w.org\/{rel}","templated":true}]}}