{"id":32,"date":"2011-04-10T15:32:22","date_gmt":"2011-04-10T15:32:22","guid":{"rendered":"http:\/\/www.chateaudepeyrins.fr\/?page_id=32"},"modified":"2014-05-16T09:49:55","modified_gmt":"2014-05-16T09:49:55","slug":"sejours-de-groupe","status":"publish","type":"page","link":"http:\/\/www.chateaudepeyrins.fr\/?page_id=32","title":{"rendered":"S\u00e9jours de groupe"},"content":{"rendered":"<p>Organisateurs de s\u00e9minaires, troupes, groupes, entreprises&#8230; nous proposons pour vos s\u00e9jours au ch\u00e2teau un h\u00e9bergement (chambre d&rsquo;h\u00f4tes) en 1\/2 pension ou en pension compl\u00e8te. Nous contacter pour \u00e9tablir un devis.<\/p>\n","protected":false},"excerpt":{"rendered":"<p>Organisateurs de s\u00e9minaires, troupes, groupes, entreprises&#8230; nous proposons pour vos s\u00e9jours au ch\u00e2teau un h\u00e9bergement (chambre d&rsquo;h\u00f4tes) en 1\/2 pension ou en pension compl\u00e8te. Nous contacter pour \u00e9tablir un devis<\/p>\n","protected":false},"author":1,"featured_media":0,"parent":0,"menu_order":0,"comment_status":"open","ping_status":"open","template":"","meta":{"__cvm_playback_settings":[],"__cvm_video_id":"","footnotes":""},"class_list":["post-32","page","type-page","status-publish","hentry"],"_links":{"self":[{"href":"http:\/\/www.chateaudepeyrins.fr\/index.php?rest_route=\/wp\/v2\/pages\/32","targetHints":{"allow":["GET"]}}],"collection":[{"href":"http:\/\/www.chateaudepeyrins.fr\/index.php?rest_route=\/wp\/v2\/pages"}],"about":[{"href":"http:\/\/www.chateaudepeyrins.fr\/index.php?rest_route=\/wp\/v2\/types\/page"}],"author":[{"embeddable":true,"href":"http:\/\/www.chateaudepeyrins.fr\/index.php?rest_route=\/wp\/v2\/users\/1"}],"replies":[{"embeddable":true,"href":"http:\/\/www.chateaudepeyrins.fr\/index.php?rest_route=%2Fwp%2Fv2%2Fcomments&post=32"}],"version-history":[{"count":6,"href":"http:\/\/www.chateaudepeyrins.fr\/index.php?rest_route=\/wp\/v2\/pages\/32\/revisions"}],"predecessor-version":[{"id":613,"href":"http:\/\/www.chateaudepeyrins.fr\/index.php?rest_route=\/wp\/v2\/pages\/32\/revisions\/613"}],"wp:attachment":[{"href":"http:\/\/www.chateaudepeyrins.fr\/index.php?rest_route=%2Fwp%2Fv2%2Fmedia&parent=32"}],"curies":[{"name":"wp","href":"https:\/\/api.w.org\/{rel}","templated":true}]}}