{"id":308,"date":"2011-04-11T12:34:48","date_gmt":"2011-04-11T12:34:48","guid":{"rendered":"http:\/\/www.chateaudepeyrins.fr\/?page_id=308"},"modified":"2011-04-12T10:58:32","modified_gmt":"2011-04-12T10:58:32","slug":"les-espaces-communs","status":"publish","type":"page","link":"http:\/\/www.chateaudepeyrins.fr\/?page_id=308","title":{"rendered":"Les espaces communs"},"content":{"rendered":"<p style=\"text-align: center;\"><a rel=\"attachment wp-att-84\" href=\"http:\/\/www.chateaudepeyrins.fr\/?attachment_id=84\"><br \/>\n<\/a><a rel=\"attachment wp-att-397\" href=\"http:\/\/www.chateaudepeyrins.fr\/?attachment_id=397\"><img loading=\"lazy\" decoding=\"async\" title=\"cheminee divans\" src=\"http:\/\/www.chateaudepeyrins.fr\/wp-content\/uploads\/2011\/04\/cheminee-divans2-495x326.jpg\" alt=\"\" width=\"495\" height=\"326\" \/><\/a><br \/>\nLe salon : chemin\u00e9e, jeux de soci\u00e9t\u00e9, billard fran\u00e7ais<\/p>\n<p style=\"text-align: center;\"><a href=\"http:\/\/www.chateaudepeyrins.fr\/wp-content\/uploads\/2011\/04\/petite-salle-a-manger1.jpg\"><br \/>\n<\/a><a rel=\"attachment wp-att-543\" href=\"http:\/\/www.chateaudepeyrins.fr\/?attachment_id=543\"><img loading=\"lazy\" decoding=\"async\" title=\"salleamanger\" src=\"http:\/\/www.chateaudepeyrins.fr\/wp-content\/uploads\/2011\/04\/salleamanger-495x371.jpg\" alt=\"\" width=\"495\" height=\"371\" \/><\/a><br \/>\nLa salle \u00e0 manger<\/p>\n<p style=\"text-align: center;\"><a href=\"http:\/\/www.chateaudepeyrins.fr\/wp-content\/uploads\/2011\/04\/DSC_2313_web.jpg\"><img loading=\"lazy\" decoding=\"async\" title=\"billard\" src=\"http:\/\/www.chateaudepeyrins.fr\/wp-content\/uploads\/2011\/04\/DSC_2313_web.jpg\" alt=\"\" width=\"495\" height=\"331\" \/><\/a><br \/>\nLe billard fran\u00e7ais<\/p>\n<p style=\"text-align: center;\"><a href=\"http:\/\/www.chateaudepeyrins.fr\/wp-content\/uploads\/2011\/04\/photos-re^\u00e9rage-tournage-4.jpg\"><img loading=\"lazy\" decoding=\"async\" title=\"escalier_principal\" src=\"http:\/\/www.chateaudepeyrins.fr\/wp-content\/uploads\/2011\/04\/photos-re^\u00e9rage-tournage-4-495x329.jpg\" alt=\"\" width=\"495\" height=\"329\" \/><\/a><br \/>\nL&rsquo;escalier principal, class\u00e9 monument historique, avec les portraits des ch\u00e2telains.<\/p>\n","protected":false},"excerpt":{"rendered":"<p>Le salon : chemin\u00e9e, jeux de soci\u00e9t\u00e9, billard fran\u00e7ais La salle \u00e0 manger Le billard fran\u00e7ais L&rsquo;escalier principal, class\u00e9 monument historique, avec les portraits des ch\u00e2telains<\/p>\n","protected":false},"author":1,"featured_media":134,"parent":0,"menu_order":0,"comment_status":"open","ping_status":"open","template":"","meta":{"__cvm_playback_settings":[],"__cvm_video_id":"","footnotes":""},"class_list":["post-308","page","type-page","status-publish","has-post-thumbnail","hentry"],"_links":{"self":[{"href":"http:\/\/www.chateaudepeyrins.fr\/index.php?rest_route=\/wp\/v2\/pages\/308","targetHints":{"allow":["GET"]}}],"collection":[{"href":"http:\/\/www.chateaudepeyrins.fr\/index.php?rest_route=\/wp\/v2\/pages"}],"about":[{"href":"http:\/\/www.chateaudepeyrins.fr\/index.php?rest_route=\/wp\/v2\/types\/page"}],"author":[{"embeddable":true,"href":"http:\/\/www.chateaudepeyrins.fr\/index.php?rest_route=\/wp\/v2\/users\/1"}],"replies":[{"embeddable":true,"href":"http:\/\/www.chateaudepeyrins.fr\/index.php?rest_route=%2Fwp%2Fv2%2Fcomments&post=308"}],"version-history":[{"count":8,"href":"http:\/\/www.chateaudepeyrins.fr\/index.php?rest_route=\/wp\/v2\/pages\/308\/revisions"}],"predecessor-version":[{"id":320,"href":"http:\/\/www.chateaudepeyrins.fr\/index.php?rest_route=\/wp\/v2\/pages\/308\/revisions\/320"}],"wp:featuredmedia":[{"embeddable":true,"href":"http:\/\/www.chateaudepeyrins.fr\/index.php?rest_route=\/wp\/v2\/media\/134"}],"wp:attachment":[{"href":"http:\/\/www.chateaudepeyrins.fr\/index.php?rest_route=%2Fwp%2Fv2%2Fmedia&parent=308"}],"curies":[{"name":"wp","href":"https:\/\/api.w.org\/{rel}","templated":true}]}}