{"id":30,"date":"2011-04-10T15:32:08","date_gmt":"2011-04-10T15:32:08","guid":{"rendered":"http:\/\/www.chateaudepeyrins.fr\/?page_id=30"},"modified":"2011-04-10T18:11:06","modified_gmt":"2011-04-10T18:11:06","slug":"residences-artistiques","status":"publish","type":"page","link":"http:\/\/www.chateaudepeyrins.fr\/?page_id=30","title":{"rendered":"R\u00e9sidences artistiques"},"content":{"rendered":"<p>Le chateau de Peyrins offre plusieurs salles de travail de diff\u00e9rentes superficies, adapt\u00e9es au th\u00e9\u00e2tre et \u00e0 la danse notamment, ainsi que des ext\u00e9rieurs (parcs, jardins, esplanades) utilisables pour vos activit\u00e9s.<\/p>\n<p>&#8211; un plateau de travail de 90m2 \u00ab\u00a0l&rsquo;Orangerie\u00a0\u00bb,<\/p>\n<p><a rel=\"attachment wp-att-94\" href=\"http:\/\/www.chateaudepeyrins.fr\/?attachment_id=94\"><img loading=\"lazy\" decoding=\"async\" class=\"aligncenter size-medium wp-image-94\" title=\"salle de danse 2\" src=\"http:\/\/www.chateaudepeyrins.fr\/wp-content\/uploads\/2011\/04\/salle-de-danse-2-495x324.jpg\" alt=\"\" width=\"495\" height=\"324\" srcset=\"http:\/\/www.chateaudepeyrins.fr\/wp-content\/uploads\/2011\/04\/salle-de-danse-2-495x324.jpg 495w, http:\/\/www.chateaudepeyrins.fr\/wp-content\/uploads\/2011\/04\/salle-de-danse-2.jpg 800w\" sizes=\"auto, (max-width: 495px) 100vw, 495px\" \/><\/a><\/p>\n<p><a rel=\"attachment wp-att-72\" href=\"http:\/\/www.chateaudepeyrins.fr\/?attachment_id=72\"><\/a><a rel=\"attachment wp-att-80\" href=\"http:\/\/www.chateaudepeyrins.fr\/?attachment_id=80\"><img loading=\"lazy\" decoding=\"async\" class=\"aligncenter size-medium wp-image-80\" title=\"orangerie\" src=\"http:\/\/www.chateaudepeyrins.fr\/wp-content\/uploads\/2011\/04\/IMGP3955-495x371.jpg\" alt=\"\" width=\"495\" height=\"371\" srcset=\"http:\/\/www.chateaudepeyrins.fr\/wp-content\/uploads\/2011\/04\/IMGP3955-495x371.jpg 495w, http:\/\/www.chateaudepeyrins.fr\/wp-content\/uploads\/2011\/04\/IMGP3955-200x150.jpg 200w, http:\/\/www.chateaudepeyrins.fr\/wp-content\/uploads\/2011\/04\/IMGP3955-900x675.jpg 900w, http:\/\/www.chateaudepeyrins.fr\/wp-content\/uploads\/2011\/04\/IMGP3955-401x301.jpg 401w, http:\/\/www.chateaudepeyrins.fr\/wp-content\/uploads\/2011\/04\/IMGP3955.jpg 1280w\" sizes=\"auto, (max-width: 495px) 100vw, 495px\" \/><\/a><\/p>\n<p><a rel=\"attachment wp-att-79\" href=\"http:\/\/www.chateaudepeyrins.fr\/?attachment_id=79\"><img loading=\"lazy\" decoding=\"async\" class=\"aligncenter size-medium wp-image-79\" title=\"IMGP3948\" src=\"http:\/\/www.chateaudepeyrins.fr\/wp-content\/uploads\/2011\/04\/IMGP3948-495x371.jpg\" alt=\"\" width=\"495\" height=\"371\" srcset=\"http:\/\/www.chateaudepeyrins.fr\/wp-content\/uploads\/2011\/04\/IMGP3948-495x371.jpg 495w, http:\/\/www.chateaudepeyrins.fr\/wp-content\/uploads\/2011\/04\/IMGP3948-200x150.jpg 200w, http:\/\/www.chateaudepeyrins.fr\/wp-content\/uploads\/2011\/04\/IMGP3948-900x675.jpg 900w, http:\/\/www.chateaudepeyrins.fr\/wp-content\/uploads\/2011\/04\/IMGP3948-401x301.jpg 401w, http:\/\/www.chateaudepeyrins.fr\/wp-content\/uploads\/2011\/04\/IMGP3948.jpg 1280w\" sizes=\"auto, (max-width: 495px) 100vw, 495px\" \/><\/a><\/p>\n<p>&nbsp;<\/p>\n<p>&#8211; une salle de travail de 70m2 \u00ab\u00a0Monseigneur\u00a0\u00bb<\/p>\n<p><a rel=\"attachment wp-att-81\" href=\"http:\/\/www.chateaudepeyrins.fr\/?attachment_id=81\"><img loading=\"lazy\" decoding=\"async\" class=\"aligncenter size-medium wp-image-81\" title=\"monseigneur\" src=\"http:\/\/www.chateaudepeyrins.fr\/wp-content\/uploads\/2011\/04\/IMGP3963-495x371.jpg\" alt=\"\" width=\"495\" height=\"371\" srcset=\"http:\/\/www.chateaudepeyrins.fr\/wp-content\/uploads\/2011\/04\/IMGP3963-495x371.jpg 495w, http:\/\/www.chateaudepeyrins.fr\/wp-content\/uploads\/2011\/04\/IMGP3963-200x150.jpg 200w, http:\/\/www.chateaudepeyrins.fr\/wp-content\/uploads\/2011\/04\/IMGP3963-900x675.jpg 900w, http:\/\/www.chateaudepeyrins.fr\/wp-content\/uploads\/2011\/04\/IMGP3963-401x301.jpg 401w, http:\/\/www.chateaudepeyrins.fr\/wp-content\/uploads\/2011\/04\/IMGP3963.jpg 1280w\" sizes=\"auto, (max-width: 495px) 100vw, 495px\" \/><\/a><\/p>\n<p><a rel=\"attachment wp-att-60\" href=\"http:\/\/www.chateaudepeyrins.fr\/?attachment_id=60\"><img loading=\"lazy\" decoding=\"async\" class=\"aligncenter size-medium wp-image-60\" title=\"monseigneur2\" src=\"http:\/\/www.chateaudepeyrins.fr\/wp-content\/uploads\/2011\/04\/IMGP0128-495x363.jpg\" alt=\"\" width=\"495\" height=\"363\" srcset=\"http:\/\/www.chateaudepeyrins.fr\/wp-content\/uploads\/2011\/04\/IMGP0128-495x363.jpg 495w, http:\/\/www.chateaudepeyrins.fr\/wp-content\/uploads\/2011\/04\/IMGP0128-900x660.jpg 900w, http:\/\/www.chateaudepeyrins.fr\/wp-content\/uploads\/2011\/04\/IMGP0128.jpg 938w\" sizes=\"auto, (max-width: 495px) 100vw, 495px\" \/><\/a><\/p>\n","protected":false},"excerpt":{"rendered":"<p>Le chateau de Peyrins offre plusieurs salles de travail de diff\u00e9rentes superficies, adapt\u00e9es au th\u00e9\u00e2tre et \u00e0 la danse notamment, ainsi que des ext\u00e9rieurs (parcs, jardins, esplanades) utilisables pour vos [&#038;hellip<\/p>\n","protected":false},"author":1,"featured_media":94,"parent":0,"menu_order":0,"comment_status":"open","ping_status":"open","template":"","meta":{"__cvm_playback_settings":[],"__cvm_video_id":"","footnotes":""},"class_list":["post-30","page","type-page","status-publish","has-post-thumbnail","hentry"],"_links":{"self":[{"href":"http:\/\/www.chateaudepeyrins.fr\/index.php?rest_route=\/wp\/v2\/pages\/30","targetHints":{"allow":["GET"]}}],"collection":[{"href":"http:\/\/www.chateaudepeyrins.fr\/index.php?rest_route=\/wp\/v2\/pages"}],"about":[{"href":"http:\/\/www.chateaudepeyrins.fr\/index.php?rest_route=\/wp\/v2\/types\/page"}],"author":[{"embeddable":true,"href":"http:\/\/www.chateaudepeyrins.fr\/index.php?rest_route=\/wp\/v2\/users\/1"}],"replies":[{"embeddable":true,"href":"http:\/\/www.chateaudepeyrins.fr\/index.php?rest_route=%2Fwp%2Fv2%2Fcomments&post=30"}],"version-history":[{"count":8,"href":"http:\/\/www.chateaudepeyrins.fr\/index.php?rest_route=\/wp\/v2\/pages\/30\/revisions"}],"predecessor-version":[{"id":182,"href":"http:\/\/www.chateaudepeyrins.fr\/index.php?rest_route=\/wp\/v2\/pages\/30\/revisions\/182"}],"wp:featuredmedia":[{"embeddable":true,"href":"http:\/\/www.chateaudepeyrins.fr\/index.php?rest_route=\/wp\/v2\/media\/94"}],"wp:attachment":[{"href":"http:\/\/www.chateaudepeyrins.fr\/index.php?rest_route=%2Fwp%2Fv2%2Fmedia&parent=30"}],"curies":[{"name":"wp","href":"https:\/\/api.w.org\/{rel}","templated":true}]}}