{"id":20,"date":"2011-04-10T15:31:02","date_gmt":"2011-04-10T15:31:02","guid":{"rendered":"http:\/\/www.chateaudepeyrins.fr\/?page_id=20"},"modified":"2011-04-11T12:03:36","modified_gmt":"2011-04-11T12:03:36","slug":"activites-alentours","status":"publish","type":"page","link":"http:\/\/www.chateaudepeyrins.fr\/?page_id=20","title":{"rendered":"Activit\u00e9s alentours"},"content":{"rendered":"<p>Que faire aux alentours ?<\/p>\n<p>&#8211; Balades p\u00e9destres et VTT au d\u00e9part du ch\u00e2teau, ou dans le parc naturel du Vercors (\u00e0 30min)<br \/>\n&#8211; Un terrain de beach-volley est attenant au ch\u00e2teau<br \/>\n&#8211; \u00c9quitation<br \/>\n&#8211; P\u00eache<br \/>\n&#8211; Escalade<\/p>\n<p><a rel=\"attachment wp-att-230\" href=\"http:\/\/www.chateaudepeyrins.fr\/?attachment_id=230\"><img loading=\"lazy\" decoding=\"async\" class=\"aligncenter size-thumbnail wp-image-230\" title=\"canyoning\" src=\"http:\/\/www.chateaudepeyrins.fr\/wp-content\/uploads\/2011\/04\/p10204961-200x150.jpg\" alt=\"\" width=\"200\" height=\"150\" srcset=\"http:\/\/www.chateaudepeyrins.fr\/wp-content\/uploads\/2011\/04\/p10204961-200x150.jpg 200w, http:\/\/www.chateaudepeyrins.fr\/wp-content\/uploads\/2011\/04\/p10204961-401x301.jpg 401w, http:\/\/www.chateaudepeyrins.fr\/wp-content\/uploads\/2011\/04\/p10204961.jpg 482w\" sizes=\"auto, (max-width: 200px) 100vw, 200px\" \/><\/a><\/p>\n<p>Pour d\u00e9couvrir les nombreuses activit\u00e9s possibles dans le pays de Romans, vous pouvez visiter les sites suivants :<br \/>\n<a href=\"http:\/\/www.romans-tourisme.com\/\">http:\/\/www.romans-tourisme.com\/<\/a><br \/>\n<a href=\"http:\/\/www.drometourisme.com\/\">http:\/\/www.drometourisme.com\/<\/a><\/p>\n","protected":false},"excerpt":{"rendered":"<p>Que faire aux alentours ? &#8211; Balades p\u00e9destres et VTT au d\u00e9part du ch\u00e2teau, ou dans le parc naturel du Vercors (\u00e0 30min) &#8211; Un terrain de beach-volley est attenant [&#038;hellip<\/p>\n","protected":false},"author":1,"featured_media":0,"parent":0,"menu_order":0,"comment_status":"open","ping_status":"open","template":"","meta":{"__cvm_playback_settings":[],"__cvm_video_id":"","footnotes":""},"class_list":["post-20","page","type-page","status-publish","hentry"],"_links":{"self":[{"href":"http:\/\/www.chateaudepeyrins.fr\/index.php?rest_route=\/wp\/v2\/pages\/20","targetHints":{"allow":["GET"]}}],"collection":[{"href":"http:\/\/www.chateaudepeyrins.fr\/index.php?rest_route=\/wp\/v2\/pages"}],"about":[{"href":"http:\/\/www.chateaudepeyrins.fr\/index.php?rest_route=\/wp\/v2\/types\/page"}],"author":[{"embeddable":true,"href":"http:\/\/www.chateaudepeyrins.fr\/index.php?rest_route=\/wp\/v2\/users\/1"}],"replies":[{"embeddable":true,"href":"http:\/\/www.chateaudepeyrins.fr\/index.php?rest_route=%2Fwp%2Fv2%2Fcomments&post=20"}],"version-history":[{"count":9,"href":"http:\/\/www.chateaudepeyrins.fr\/index.php?rest_route=\/wp\/v2\/pages\/20\/revisions"}],"predecessor-version":[{"id":272,"href":"http:\/\/www.chateaudepeyrins.fr\/index.php?rest_route=\/wp\/v2\/pages\/20\/revisions\/272"}],"wp:attachment":[{"href":"http:\/\/www.chateaudepeyrins.fr\/index.php?rest_route=%2Fwp%2Fv2%2Fmedia&parent=20"}],"curies":[{"name":"wp","href":"https:\/\/api.w.org\/{rel}","templated":true}]}}